{"id":813,"date":"2019-09-15T08:10:12","date_gmt":"2019-09-15T06:10:12","guid":{"rendered":"https:\/\/funveca.org\/programa-imas\/workshops-treinamento-de-terapeutas\/"},"modified":"2026-01-09T18:59:39","modified_gmt":"2026-01-09T17:59:39","slug":"workshops-treinamento-de-terapeutas","status":"publish","type":"page","link":"https:\/\/funveca.org\/pt-br\/programa-imas\/workshops-treinamento-de-terapeutas\/","title":{"rendered":"Workshops \/Treinamento de terapeutas"},"content":{"rendered":"<p>Os autores do programa \u201cInterven\u00e7\u00e3o Multidimensional para Ansiedade Social\u201d (IMAS) (Vicente E. Caballo e Isabel C. Salazar) est\u00e3o treinando para a aplica\u00e7\u00e3o desse programa internacionalmente, especialmente nos pa\u00edses da Am\u00e9rica Latina. No momento, os dois livros dos quais o programa \u00e9 composto (veja abaixo) s\u00e3o publicados em espanhol pela Editora Pir\u00e1mide e alguns meses atr\u00e1s foram publicados tamb\u00e9m em portugu\u00eas pela Editora Sinopsys (Brasil). Os psic\u00f3logos interessados em receber um workshop para aprender a usar e aplicar o programa IMAS podem contatar com o Centro de Psicologia Cl\u00ednica da FUNVECA no endere\u00e7o de e-mail: <a href=\"mailto:cl\u00ednica.funveca@gmail.com\">cl\u00ednica.funveca@gmail.com<\/a><\/p>\n<p>&nbsp;<\/p>\n<p><strong>Livros do programa IMAS<\/strong><\/p>\n<p><img class=\"wp-image-863 size-medium alignleft\" src=\"https:\/\/funveca.org\/wp-content\/uploads\/2019\/09\/Programa-IMAS-portugues-paciente-2-197x300.jpg\" alt=\"\" width=\"197\" height=\"300\" srcset=\"https:\/\/funveca.org\/wp-content\/uploads\/2019\/09\/Programa-IMAS-portugues-paciente-2-197x300.jpg 197w, https:\/\/funveca.org\/wp-content\/uploads\/2019\/09\/Programa-IMAS-portugues-paciente-2-200x305.jpg 200w, https:\/\/funveca.org\/wp-content\/uploads\/2019\/09\/Programa-IMAS-portugues-paciente-2-400x610.jpg 400w, https:\/\/funveca.org\/wp-content\/uploads\/2019\/09\/Programa-IMAS-portugues-paciente-2-500x762.jpg 500w, https:\/\/funveca.org\/wp-content\/uploads\/2019\/09\/Programa-IMAS-portugues-paciente-2.jpg 511w\" sizes=\"(max-width: 197px) 100vw, 197px\" \/><\/p>\n<p>&nbsp;<\/p>\n<p>&nbsp;<\/p>\n<p><strong>Caballo, V. E., Salazar, I. C., Garrido, L., Irurtia, M. J. e Hofmann, S. H. (2019)<\/strong>. <em>Programa de Interven\u00e7\u00e3o multidimensional para a ansiedade social (IMAS): Livro do terapeuta<\/em>. Porto Alegre: Sinopsys.<\/p>\n<p>&nbsp;<\/p>\n<p>&nbsp;<\/p>\n<p>&nbsp;<\/p>\n<p>&nbsp;<\/p>\n<p><img class=\"wp-image-867 size-medium alignleft\" src=\"https:\/\/funveca.org\/wp-content\/uploads\/2019\/09\/Programa-IMAS-portugues-terapeuta-web-2-197x300.jpg\" alt=\"\" width=\"197\" height=\"300\" srcset=\"https:\/\/funveca.org\/wp-content\/uploads\/2019\/09\/Programa-IMAS-portugues-terapeuta-web-2-197x300.jpg 197w, https:\/\/funveca.org\/wp-content\/uploads\/2019\/09\/Programa-IMAS-portugues-terapeuta-web-2-200x305.jpg 200w, https:\/\/funveca.org\/wp-content\/uploads\/2019\/09\/Programa-IMAS-portugues-terapeuta-web-2-400x610.jpg 400w, https:\/\/funveca.org\/wp-content\/uploads\/2019\/09\/Programa-IMAS-portugues-terapeuta-web-2-500x763.jpg 500w, https:\/\/funveca.org\/wp-content\/uploads\/2019\/09\/Programa-IMAS-portugues-terapeuta-web-2.jpg 514w\" sizes=\"(max-width: 197px) 100vw, 197px\" \/><\/p>\n<p>&nbsp;<\/p>\n<p>&nbsp;<\/p>\n<p>&nbsp;<\/p>\n<p><strong>Caballo, V. E., Salazar, I. C. e Garrido, L. (2019)<\/strong>. <em>Programa de Interven\u00e7\u00e3o multidimensional para a ansiedade social (IMAS): Livro do paciente<\/em>. Porto Alegre: Sinopsys.<\/p>\n<p>&nbsp;<\/p>\n<p>&nbsp;<\/p>\n<p>&nbsp;<\/p>\n<p><strong>Artigo para psic\u00f3logos onde o programa IMAS \u00e9 explicado (ingl\u00eas ou espanhol)<\/strong><\/p>\n<p><a href=\"https:\/\/www.behavioralpsycho.com\/product\/a-new-multidimensional-intervention-for-social-anxiety-the-misa-program\/?lang=en\">Leer el art\u00edculo (Vol, 27, n. 1, 2019)<\/a><\/p>\n<p>&nbsp;<\/p>\n<h3>Pr\u00f3ximos workshops<\/h3>\n<p><em>Pa\u00eds:<\/em> <strong>M\u00e9xico<\/strong><br \/>\n<em>Data:<\/em> <strong>20 e 21 de Mar\u00e7o de 2026<\/strong><br \/>\n<em>Horas:<\/em> <strong>15 horas<\/strong> no total)<br \/>\n<em>Lugar:<\/em> <strong>Instituto de Terapia Cognitivo Comportamental, Cidade de M\u00e9xico<\/strong><br \/>\n<em>Mais informa\u00e7\u00e3o:<\/em> Fone: <strong>55 56 87 5728 e 5511 07 72 37<\/strong>; WhatsApp: 55 8055 0086; E-mail: <strong>itccmexico@hotmail.com<\/strong><\/p>\n","protected":false},"excerpt":{"rendered":"<p>Os autores do programa \u201cInterven\u00e7\u00e3o Multidimensional para Ansiedade Social\u201d (IMAS) [&hellip;]<\/p>\n","protected":false},"author":1,"featured_media":0,"parent":742,"menu_order":0,"comment_status":"closed","ping_status":"closed","template":"","meta":[],"aioseo_notices":[],"_links":{"self":[{"href":"https:\/\/funveca.org\/pt-br\/wp-json\/wp\/v2\/pages\/813"}],"collection":[{"href":"https:\/\/funveca.org\/pt-br\/wp-json\/wp\/v2\/pages"}],"about":[{"href":"https:\/\/funveca.org\/pt-br\/wp-json\/wp\/v2\/types\/page"}],"author":[{"embeddable":true,"href":"https:\/\/funveca.org\/pt-br\/wp-json\/wp\/v2\/users\/1"}],"replies":[{"embeddable":true,"href":"https:\/\/funveca.org\/pt-br\/wp-json\/wp\/v2\/comments?post=813"}],"version-history":[{"count":20,"href":"https:\/\/funveca.org\/pt-br\/wp-json\/wp\/v2\/pages\/813\/revisions"}],"predecessor-version":[{"id":1892,"href":"https:\/\/funveca.org\/pt-br\/wp-json\/wp\/v2\/pages\/813\/revisions\/1892"}],"up":[{"embeddable":true,"href":"https:\/\/funveca.org\/pt-br\/wp-json\/wp\/v2\/pages\/742"}],"wp:attachment":[{"href":"https:\/\/funveca.org\/pt-br\/wp-json\/wp\/v2\/media?parent=813"}],"curies":[{"name":"wp","href":"https:\/\/api.w.org\/{rel}","templated":true}]}}